{"id":1270,"date":"2018-11-28T03:48:26","date_gmt":"2018-11-28T02:48:26","guid":{"rendered":"https:\/\/dewb.de\/?page_id=1270"},"modified":"2023-01-30T18:01:24","modified_gmt":"2023-01-30T17:01:24","slug":"datenschutz","status":"publish","type":"page","link":"https:\/\/dewb.de\/en\/datenschutz\/","title":{"rendered":"Privacy Statemant"},"content":{"rendered":"<p><strong>Datenschutzerkl\u00e4rung<\/strong><\/p>\n\n\n\n<p><strong>Information zur Erhebung und Verarbeitung von Nutzerdaten<\/strong><\/p>\n\n\n\n<p>Mit den folgenden Informationen m\u00f6chten wir, die Deutsche Effecten- und Wechsel-Beteiligungsgesellschaft AG Ihnen einen \u00dcberblick \u00fcber die Verarbeitung Ihrer personenbezogenen Daten bei Nutzung dieser Website und Ihre Rechte aus dem Datenschutzrecht, welche bei Benutzung unserer Website entstehen k\u00f6nnen, geben.<\/p>\n\n\n\n<p><strong>Wer ist f\u00fcr die Datenverarbeitung verantwortlich und wer ist Datenschutzbeauftragter?<\/strong><\/p>\n\n\n\n<p>Verantwortlicher f\u00fcr die Datenverarbeitung ist die<\/p>\n\n\n\n<p><strong>Deutsche Effecten- und Wechsel-Beteiligungsgesellschaft AG <\/strong><\/p>\n\n\n\n<p><strong>Semmelweisstra\u00dfe 4<br>07743 Jena<br>Tel: 03641 3100030<br>E-Mail: <a href=\"mailto:info@dewb.de\">info@dewb.de<\/a><br>Internetadresse: www.dewb.de<\/strong><\/p>\n\n\n\n<p>Vertretungsberechtigtes Organmitglied der Deutsche Effecten- und Wechsel-Beteiligungsgesellschaft AG ist der Vorstand Bertram K\u00f6hler.<\/p>\n\n\n\n<p>In unserem Unternehmen wurde ein Datenschutzbeauftragter nicht bestellt. Ihr Anliegen zum Datenschutz ist uns nat\u00fcrlich trotzdem wichtig. Bei Fragen hierzu wenden Sie sich bitte an:<\/p>\n\n\n\n<p><strong>Deutsche Effecten- und Wechsel-Beteiligungsgesellschaft AG <\/strong><\/p>\n\n\n\n<p><strong>Marco Scheidler<br>Semmelweisstra\u00dfe 4<br>07743 Jena<br>Tel: 03641 3100030<br>E-Mail: <a href=\"mailto:ms@dewb.de\">ms@dewb.de<\/a><\/strong><\/p>\n\n\n\n<p><strong>Erhebung und Speicherung personenbezogener Daten sowie Art und Zweck von deren Verwendung<\/strong><\/p>\n\n\n\n<p>Bei dem Besuch unserer Website werden automatisch Informationen von Ihrem Browser an den Server unserer Website gesendet. Diese Informationen werden tempor\u00e4r in einem sogenannten Logfile gespeichert. Folgende Dateien werden dabei ohne Ihr Zutun erfasst und bis zur automatischen L\u00f6schung gespeichert:<\/p>\n\n\n\n<ul>\n<li>die IP-Adresse des anfragenden Rechners,<\/li>\n\n\n\n<li>das Datum und die Uhrzeit des Zugriffs,<\/li>\n\n\n\n<li>der Name und die URL der abgerufenen Datei,<\/li>\n\n\n\n<li>die Website, von der aus der Zugriff erfolgte,<\/li>\n\n\n\n<li>das Betriebssystem Ihres Rechners und des von Ihnen verwandten Browsers,<\/li>\n\n\n\n<li>der Name Ihres Internet-Access-Providers.<\/li>\n<\/ul>\n\n\n\n<p>Die Erhebung und Verarbeitung der vorgenannten Daten erfolgt, um die Nutzung unserer Website zu erm\u00f6glichen (Verbindungsaufbau), die Systemsicherheit und Stabilit\u00e4t dauerhaft zu gew\u00e4hrleisten, die technische Administration der Netzinfrastruktur und die Optimierung unseres Internetangebotes zu erm\u00f6glichen sowie zu internen statistischen Zwecken. Die IP-Adresse wird nur bei Angriffen auf die Netzinfrastruktur sowie zu statistischen Zwecken ausgewertet, ohne dass ein R\u00fcckschluss auf Ihre Person m\u00f6glich w\u00e4re.<\/p>\n\n\n\n<p>Rechtsgrundlage der vorbezeichneten Datenverarbeitung ist Artikel 6 Abs. 1 Satz 1 lit. f DS-GVO. Unser berechtigtes Interesse folgt aus den dargestellten Zwecken der Datenerhebung. In keinem Fall verwenden wir die erhobenen Daten, um R\u00fcckschl\u00fcsse auf Ihre Person zu ziehen.<\/p>\n\n\n\n<p>Dar\u00fcber hinaus setzen wir beim Besuch unserer Website Cookies ein.<\/p>\n\n\n\n<p><strong>Wem stellen wir Ihre Daten zur Verf\u00fcgung?<\/strong><\/p>\n\n\n\n<p>Eine \u00dcbermittlung Ihrer personenbezogenen Daten an Dritte findet zu anderen als den im Folgenden aufgef\u00fchrten Zwecken nicht statt. Eine Weitergabe Ihrer pers\u00f6nlichen Daten an Dritte findet nur statt,<\/p>\n\n\n\n<ul>\n<li>wenn Sie nach Artikel 6 Abs. 1 Satz 1 lit. a DS-GVO eine ausdr\u00fcckliche Einwilligung hierzu erteilt haben,<\/li>\n\n\n\n<li>die Weitergabe nach Artikel 6 Abs. 1 Satz 1 lit. f DS-GVO zur Geltendmachung, Aus\u00fcbung oder Verteidigung von Anspr\u00fcchen erforderlich ist und ein Grund zur Annahme nicht besteht, dass Sie ein \u00fcberwiegendes schutzw\u00fcrdiges Interesse an der Nichtweitergabe Ihrer Daten haben,<\/li>\n\n\n\n<li>eine gesetzliche Verpflichtung f\u00fcr die Weitergabe nach Artikel 6 Abs. 1 Satz 1 lit. c DS-GVO hierf\u00fcr besteht,<\/li>\n\n\n\n<li>die Weitergabe gesetzlich zul\u00e4ssig und nach Artikel 6 Abs. 1 Satz 1 lit. b DS-GVO f\u00fcr die Abwicklung von Vertragsverh\u00e4ltnissen erforderlich ist.<\/li>\n<\/ul>\n\n\n\n<p><strong>Cookies<\/strong><\/p>\n\n\n\n<p>Unsere Website verwendet sogenannte Session-Cookies. Session-Cookies sind kleine Informationseinheiten, die ein Anbieter im Arbeitsspeicher des Computers des Besuchers speichert. In einem Session-Cookie wird eine zuf\u00e4llig erzeugte eindeutige Identifikationsnummer abgelegt, eine sogenannte Session-ID. Au\u00dferdem enth\u00e4lt ein Cookie die Angabe \u00fcber seine Herkunft und die Speicherfrist. Diese Cookies k\u00f6nnen keine anderen Daten speichern. Session-Cookies werden nach Verlassen unserer Website automatisch gel\u00f6scht.<\/p>\n\n\n\n<p><strong>Google Analytics<\/strong><\/p>\n\n\n\n<p>Wir setzen Google Analytics, ein Webanalysedienst der Google Inc. (\u201eGoogle\u201c) ein. Google verwendet Cookies, Textdateien, die auf Computer der Nutzer gespeichert werden und die eine Analyse der Benutzung unseres Onlineangebotes erm\u00f6glichen. Die durch den Cookie erzeugten Informationen \u00fcber Benutzung dieser Website durch die Nutzer werden in der Regel an einen Server von Google in den USA \u00fcbertragen und dort gespeichert.<\/p>\n\n\n\n<p>Google wird diese Informationen in unserem Auftrag benutzen, um die Nutzung der Website durch die Nutzer auszuwerten, um Reports \u00fcber die Aktivit\u00e4ten innerhalb unseres Onlineangebotes zusammenzustellen und um weitere mit der Websitenutzung und der Internetnutzung verbundene Dienstleistungen uns gegen\u00fcber zu erbringen.<\/p>\n\n\n\n<p>Wir setzen Google Analytics nur mit aktivierter IP-Anonymisierung ein. Das bedeutet, die IP-Adresse der Nutzer wird von Google innerhalb von Mitgliedstaaten der Europ\u00e4ischen Union oder in anderen Vertragsstaaten des Abkommens \u00fcber den Europ\u00e4ischen Wirtschaftsraum gek\u00fcrzt. Nur in Ausnahmef\u00e4llen wird die volle IP-Adresse an einen Server von Google in den USA \u00fcbertragen und dort gek\u00fcrzt.<\/p>\n\n\n\n<p>Die von dem Browser des Nutzers \u00fcbermittelte IP-Adresse wird nicht mit anderen Daten von Google zusammengef\u00fchrt. Die Nutzer k\u00f6nnen die Speicherung der Cookies durch eine entsprechende Einstellung ihrer Browser-Software verhindern; Die Nutzer k\u00f6nnen dar\u00fcber hinaus die Erfassung der durch das Cookie erzeugten und auf ihre Nutzung der Website bezogenen Daten an Google sowie die Verarbeitung dieser Daten durch Google verhindern, indem sie das unter dem folgenden Link verf\u00fcgbare Browser-Plugin herunterladen und installieren: tools.google.com\/dlpage\/gaoptout.<\/p>\n\n\n\n<p>Alternativ zum Browser-Add-On oder innerhalb von Browsern auf mobilen Ger\u00e4ten, klicken Sie bitte diesen Link, um die Erfassung durch Google Analytics innerhalb dieser Website zuk\u00fcnftig zu verhindern (das Opt Out funktioniert nur in dem Browser und nur f\u00fcr diese Domain). Dabei wird ein Opt-Out-Cookie auf Ihrem Ger\u00e4t abgelegt. L\u00f6schen Sie Ihre Cookies in diesem Browser, m\u00fcssen Sie diesen Link erneut klicken.<\/p>\n\n\n\n<p><strong>Google Fonts<\/strong><\/p>\n\n\n\n<p>Unsere Website nutzt auf allen Seiten Google Fonts. Google Fonts stellt Schriftarten effizient bereit, sodass wir dem Text unserer Website ein einheitliches Aussehen geben und die Seite schnell ausliefern k\u00f6nnen \u2013 unabh\u00e4ngig davon, welchen Browser Sie installiert haben und welches Betriebssystem Sie nutzen. Google Fonts ist ein Dienst der Google Inc. (Google). Durch die Nutzung von Google Fonts k\u00f6nnen Informationen \u00fcber die Benutzung dieser Website einschlie\u00dflich Ihrer IP-Adresse an Google in den USA \u00fcbertragen werden.<\/p>\n\n\n\n<p>Wenn Sie eine Seite aufrufen, baut Ihr Browser eine direkte Verbindung mit den Servern von Google auf. Die Schriftart wird von Google direkt an Ihren Browser \u00fcbermittelt und von diesem in die Website eingebunden. Daher haben wir keinen Einfluss auf den Umfang der auf diese Weise von Google erhobenen Daten.<\/p>\n\n\n\n<p>Wenn Sie nicht m\u00f6chten, dass Google \u00fcber unseren Internetauftritt Daten \u00fcber Sie erhebt, verarbeitet oder nutzt, k\u00f6nnen Sie in Ihrem Betriebssystem oder einem geeigneten Browser-AddOn Verbindungen zu fonts.googleapis.com blockieren lassen. In diesem Fall k\u00f6nnte es aber sein, dass die Nutzung unserer Website erschwert ist.<\/p>\n\n\n\n<p>Weitere Informationen \u00fcber den Zweck und den Umfang der Datenerhebung sowie die weitere Verarbeitung und Nutzung der Daten durch Google, Ihre diesbez\u00fcglichen Rechte sowie Einstellungsm\u00f6glichkeiten zum Schutz Ihrer Privatsph\u00e4re entnehmen Sie bitte den Datenschutzhinweisen von Google unter:  https:\/\/www.google.de\/intl\/de\/policies\/privacy\/ .<\/p>\n\n\n\n<p><strong>Welche Rechte k\u00f6nnen Sie als Betroffener geltend machen?<\/strong><\/p>\n\n\n\n<p>Sie k\u00f6nnen von uns als verantwortliche Stelle Auskunft \u00fcber die personenbezogenen Daten verlangen (Artikel 15 DS-GVO). Weiterhin k\u00f6nnen Sie \u2013 unter bestimmten Voraussetzungen \u2013 die Berichtigung oder die L\u00f6schung Ihrer Daten verlangen (Artikel 16, Artikel 17 DS-GVO). Gem\u00e4\u00df Artikel 18 DS-GVO k\u00f6nnen Sie ebenfalls die Einschr\u00e4nkung der Verarbeitung Ihrer personenbezogenen Daten verlangen. Weiterhin steht Ihnen das Recht zu, dass die gespeicherten Daten an Sie oder einen Dritten in einem strukturierten, g\u00e4ngigen und maschinenlesbaren Format herausgegeben werden (Recht auf Daten\u00fcbertragbarkeit, Artikel 20 DS-GVO).<\/p>\n\n\n\n<p><strong>Informationen \u00fcber Ihr Widerspruchsrecht nach Artikel 21 DS-GVO:<\/strong><\/p>\n\n\n\n<p>Sie haben schlie\u00dflich das Recht, aus Gr\u00fcnden, die sich aus Ihrer besonderen Situation ergeben, jederzeit gegen die Verarbeitung Sie betreffender personenbezogener Daten gem\u00e4\u00df Artikel 21 DS-GVO Widerspruch einzulegen, soweit es Gr\u00fcnde gibt, die sich tats\u00e4chlich aus Ihrer besonderen Situation ergeben. Legen Sie Widerspruch ein, werden wir Ihre personenbezogenen Daten dann nicht mehr verarbeiten, es sei denn, wir k\u00f6nnen zwingende berechtigte Gr\u00fcnde f\u00fcr die Verarbeitung nachweisen, die Ihre Interesse, Rechte und Freiheiten \u00fcberwiegen, oder die Verarbeitung den der Geltendmachung, Aus\u00fcbung oder Beseitigung von Rechtsanspr\u00fcchen.<\/p>\n\n\n\n<p>&nbsp;<\/p>\n\n<!--themify_builder_content-->\n<div id=\"themify_builder_content-1270\" data-postid=\"1270\" class=\"themify_builder_content themify_builder_content-1270 themify_builder tf_clear\">\n    <\/div>\n<!--\/themify_builder_content-->","protected":false},"excerpt":{"rendered":"<p>Datenschutzerkl\u00e4rung Information zur Erhebung und Verarbeitung von Nutzerdaten Mit den folgenden Informationen m\u00f6chten wir, die Deutsche Effecten- und Wechsel-Beteiligungsgesellschaft AG Ihnen einen \u00dcberblick \u00fcber die Verarbeitung Ihrer personenbezogenen Daten bei Nutzung dieser Website und Ihre Rechte aus dem Datenschutzrecht, welche bei Benutzung unserer Website entstehen k\u00f6nnen, geben. Wer ist f\u00fcr die Datenverarbeitung verantwortlich und wer [&hellip;]<\/p>\n","protected":false},"author":1,"featured_media":0,"parent":0,"menu_order":0,"comment_status":"closed","ping_status":"closed","template":"","meta":[],"yoast_head":"<!-- This site is optimized with the Yoast SEO plugin v19.10 - https:\/\/yoast.com\/wordpress\/plugins\/seo\/ -->\n<title>Privacy Statemant - Deutsche Effecten- und Wechsel-Beteiligungsgesellschaft AG<\/title>\n<meta name=\"robots\" content=\"index, follow, max-snippet:-1, max-image-preview:large, max-video-preview:-1\" \/>\n<link rel=\"canonical\" href=\"https:\/\/dewb.de\/en\/datenschutz\/\" \/>\n<meta property=\"og:locale\" content=\"en_US\" \/>\n<meta property=\"og:type\" content=\"article\" \/>\n<meta property=\"og:title\" content=\"Privacy Statemant - Deutsche Effecten- und Wechsel-Beteiligungsgesellschaft AG\" \/>\n<meta property=\"og:description\" content=\"Datenschutzerkl\u00e4rung Information zur Erhebung und Verarbeitung von Nutzerdaten Mit den folgenden Informationen m\u00f6chten wir, die Deutsche Effecten- und Wechsel-Beteiligungsgesellschaft AG Ihnen einen \u00dcberblick \u00fcber die Verarbeitung Ihrer personenbezogenen Daten bei Nutzung dieser Website und Ihre Rechte aus dem Datenschutzrecht, welche bei Benutzung unserer Website entstehen k\u00f6nnen, geben. Wer ist f\u00fcr die Datenverarbeitung verantwortlich und wer [&hellip;]\" \/>\n<meta property=\"og:url\" content=\"https:\/\/dewb.de\/en\/datenschutz\/\" \/>\n<meta property=\"og:site_name\" content=\"Deutsche Effecten- und Wechsel-Beteiligungsgesellschaft AG\" \/>\n<meta property=\"article:modified_time\" content=\"2023-01-30T17:01:24+00:00\" \/>\n<meta name=\"twitter:card\" content=\"summary_large_image\" \/>\n<meta name=\"twitter:label1\" content=\"Est. reading time\" \/>\n\t<meta name=\"twitter:data1\" content=\"6 minutes\" \/>\n<script type=\"application\/ld+json\" class=\"yoast-schema-graph\">{\"@context\":\"https:\/\/schema.org\",\"@graph\":[{\"@type\":\"WebPage\",\"@id\":\"https:\/\/dewb.de\/en\/datenschutz\/\",\"url\":\"https:\/\/dewb.de\/en\/datenschutz\/\",\"name\":\"Privacy Statemant - Deutsche Effecten- und Wechsel-Beteiligungsgesellschaft AG\",\"isPartOf\":{\"@id\":\"https:\/\/dewb.de\/en\/#website\"},\"datePublished\":\"2018-11-28T02:48:26+00:00\",\"dateModified\":\"2023-01-30T17:01:24+00:00\",\"breadcrumb\":{\"@id\":\"https:\/\/dewb.de\/en\/datenschutz\/#breadcrumb\"},\"inLanguage\":\"en-US\",\"potentialAction\":[{\"@type\":\"ReadAction\",\"target\":[\"https:\/\/dewb.de\/en\/datenschutz\/\"]}]},{\"@type\":\"BreadcrumbList\",\"@id\":\"https:\/\/dewb.de\/en\/datenschutz\/#breadcrumb\",\"itemListElement\":[{\"@type\":\"ListItem\",\"position\":1,\"name\":\"Startseite\",\"item\":\"https:\/\/dewb.de\/en\/\"},{\"@type\":\"ListItem\",\"position\":2,\"name\":\"Privacy Statemant\"}]},{\"@type\":\"WebSite\",\"@id\":\"https:\/\/dewb.de\/en\/#website\",\"url\":\"https:\/\/dewb.de\/en\/\",\"name\":\"Deutsche Effecten- und Wechsel-Beteiligungsgesellschaft AG\",\"description\":\"Eine weitere Deutsche Effecten- und Wechsel-Beteiligungsgesellschaft AG Websites Website\",\"publisher\":{\"@id\":\"https:\/\/dewb.de\/en\/#organization\"},\"potentialAction\":[{\"@type\":\"SearchAction\",\"target\":{\"@type\":\"EntryPoint\",\"urlTemplate\":\"https:\/\/dewb.de\/en\/?s={search_term_string}\"},\"query-input\":\"required name=search_term_string\"}],\"inLanguage\":\"en-US\"},{\"@type\":\"Organization\",\"@id\":\"https:\/\/dewb.de\/en\/#organization\",\"name\":\"Deutsche Effecten- und Wechsel-Beteiligungsgesellschaft AG\",\"url\":\"https:\/\/dewb.de\/en\/\",\"logo\":{\"@type\":\"ImageObject\",\"inLanguage\":\"en-US\",\"@id\":\"https:\/\/dewb.de\/en\/#\/schema\/logo\/image\/\",\"url\":\"https:\/\/dewb.de\/en\/wp-content\/uploads\/sites\/2\/2018\/10\/dewb_invers.jpg\",\"contentUrl\":\"https:\/\/dewb.de\/en\/wp-content\/uploads\/sites\/2\/2018\/10\/dewb_invers.jpg\",\"width\":300,\"height\":82,\"caption\":\"Deutsche Effecten- und Wechsel-Beteiligungsgesellschaft AG\"},\"image\":{\"@id\":\"https:\/\/dewb.de\/en\/#\/schema\/logo\/image\/\"}}]}<\/script>\n<!-- \/ Yoast SEO plugin. -->","yoast_head_json":{"title":"Privacy Statemant - Deutsche Effecten- und Wechsel-Beteiligungsgesellschaft AG","robots":{"index":"index","follow":"follow","max-snippet":"max-snippet:-1","max-image-preview":"max-image-preview:large","max-video-preview":"max-video-preview:-1"},"canonical":"https:\/\/dewb.de\/en\/datenschutz\/","og_locale":"en_US","og_type":"article","og_title":"Privacy Statemant - Deutsche Effecten- und Wechsel-Beteiligungsgesellschaft AG","og_description":"Datenschutzerkl\u00e4rung Information zur Erhebung und Verarbeitung von Nutzerdaten Mit den folgenden Informationen m\u00f6chten wir, die Deutsche Effecten- und Wechsel-Beteiligungsgesellschaft AG Ihnen einen \u00dcberblick \u00fcber die Verarbeitung Ihrer personenbezogenen Daten bei Nutzung dieser Website und Ihre Rechte aus dem Datenschutzrecht, welche bei Benutzung unserer Website entstehen k\u00f6nnen, geben. Wer ist f\u00fcr die Datenverarbeitung verantwortlich und wer [&hellip;]","og_url":"https:\/\/dewb.de\/en\/datenschutz\/","og_site_name":"Deutsche Effecten- und Wechsel-Beteiligungsgesellschaft AG","article_modified_time":"2023-01-30T17:01:24+00:00","twitter_card":"summary_large_image","twitter_misc":{"Est. reading time":"6 minutes"},"schema":{"@context":"https:\/\/schema.org","@graph":[{"@type":"WebPage","@id":"https:\/\/dewb.de\/en\/datenschutz\/","url":"https:\/\/dewb.de\/en\/datenschutz\/","name":"Privacy Statemant - Deutsche Effecten- und Wechsel-Beteiligungsgesellschaft AG","isPartOf":{"@id":"https:\/\/dewb.de\/en\/#website"},"datePublished":"2018-11-28T02:48:26+00:00","dateModified":"2023-01-30T17:01:24+00:00","breadcrumb":{"@id":"https:\/\/dewb.de\/en\/datenschutz\/#breadcrumb"},"inLanguage":"en-US","potentialAction":[{"@type":"ReadAction","target":["https:\/\/dewb.de\/en\/datenschutz\/"]}]},{"@type":"BreadcrumbList","@id":"https:\/\/dewb.de\/en\/datenschutz\/#breadcrumb","itemListElement":[{"@type":"ListItem","position":1,"name":"Startseite","item":"https:\/\/dewb.de\/en\/"},{"@type":"ListItem","position":2,"name":"Privacy Statemant"}]},{"@type":"WebSite","@id":"https:\/\/dewb.de\/en\/#website","url":"https:\/\/dewb.de\/en\/","name":"Deutsche Effecten- und Wechsel-Beteiligungsgesellschaft AG","description":"Eine weitere Deutsche Effecten- und Wechsel-Beteiligungsgesellschaft AG Websites Website","publisher":{"@id":"https:\/\/dewb.de\/en\/#organization"},"potentialAction":[{"@type":"SearchAction","target":{"@type":"EntryPoint","urlTemplate":"https:\/\/dewb.de\/en\/?s={search_term_string}"},"query-input":"required name=search_term_string"}],"inLanguage":"en-US"},{"@type":"Organization","@id":"https:\/\/dewb.de\/en\/#organization","name":"Deutsche Effecten- und Wechsel-Beteiligungsgesellschaft AG","url":"https:\/\/dewb.de\/en\/","logo":{"@type":"ImageObject","inLanguage":"en-US","@id":"https:\/\/dewb.de\/en\/#\/schema\/logo\/image\/","url":"https:\/\/dewb.de\/en\/wp-content\/uploads\/sites\/2\/2018\/10\/dewb_invers.jpg","contentUrl":"https:\/\/dewb.de\/en\/wp-content\/uploads\/sites\/2\/2018\/10\/dewb_invers.jpg","width":300,"height":82,"caption":"Deutsche Effecten- und Wechsel-Beteiligungsgesellschaft AG"},"image":{"@id":"https:\/\/dewb.de\/en\/#\/schema\/logo\/image\/"}}]}},"builder_content":"","_links":{"self":[{"href":"https:\/\/dewb.de\/en\/wp-json\/wp\/v2\/pages\/1270"}],"collection":[{"href":"https:\/\/dewb.de\/en\/wp-json\/wp\/v2\/pages"}],"about":[{"href":"https:\/\/dewb.de\/en\/wp-json\/wp\/v2\/types\/page"}],"author":[{"embeddable":true,"href":"https:\/\/dewb.de\/en\/wp-json\/wp\/v2\/users\/1"}],"replies":[{"embeddable":true,"href":"https:\/\/dewb.de\/en\/wp-json\/wp\/v2\/comments?post=1270"}],"version-history":[{"count":4,"href":"https:\/\/dewb.de\/en\/wp-json\/wp\/v2\/pages\/1270\/revisions"}],"predecessor-version":[{"id":2993,"href":"https:\/\/dewb.de\/en\/wp-json\/wp\/v2\/pages\/1270\/revisions\/2993"}],"wp:attachment":[{"href":"https:\/\/dewb.de\/en\/wp-json\/wp\/v2\/media?parent=1270"}],"curies":[{"name":"wp","href":"https:\/\/api.w.org\/{rel}","templated":true}]}}